{"id":1850,"date":"2021-08-20T10:08:19","date_gmt":"2021-08-20T10:08:19","guid":{"rendered":"https:\/\/cervezatravel.com\/english\/?page_id=1850"},"modified":"2023-07-11T00:48:36","modified_gmt":"2023-07-11T00:48:36","slug":"tours-cancun","status":"publish","type":"page","link":"https:\/\/cervezatravel.com\/english\/tours-cancun\/","title":{"rendered":"Tours Canc\u00fan"},"content":{"rendered":"\t\t<div data-elementor-type=\"wp-page\" data-elementor-id=\"1850\" class=\"elementor elementor-1850\">\n\t\t\t\t\t\t<section class=\"elementor-section elementor-top-section elementor-element elementor-element-d1471d1 elementor-section-boxed elementor-section-height-default elementor-section-height-default\" data-id=\"d1471d1\" data-element_type=\"section\">\n\t\t\t\t\t\t<div class=\"elementor-container elementor-column-gap-default\">\n\t\t\t\t\t<div class=\"elementor-column elementor-col-100 elementor-top-column elementor-element elementor-element-9d74eaf\" data-id=\"9d74eaf\" data-element_type=\"column\">\n\t\t\t<div class=\"elementor-widget-wrap elementor-element-populated\">\n\t\t\t\t\t\t<div class=\"elementor-element elementor-element-ecbfea1 elementor-widget elementor-widget-tour-post\" data-id=\"ecbfea1\" data-element_type=\"widget\" data-widget_type=\"tour-post.default\">\n\t\t\t\t<div class=\"elementor-widget-container\">\n\t\t\t\t\t\t\t<div class=\"wd-tours\">\n\t\t\t<div class=\"wd-tours-layout-grid ht-grid ht-grid-2 ht-grid-tablet- ht-grid-mobile-\">\n\t\t\t\t<div class=\"wd-tours-content \" id=\"wd-tour-id-69ece65783eb2\" >\n\t\t\t\t\t\t\t\t\t\t\t<div class=\"ht-grid-item \" itemscope=\"itemscope\" itemtype=\"https:\/\/schema.org\/CreativeWork\" >\n\t\t\t\t\t\t\t\n\t\t\t\t\t\t\t<div class=\"wd-tour-item\">\n\t\t\t\t\t\t\t\t\t\t\t\t\t\t\t\t<div class=\"wd-tour-head\">\n\t\t\t\t\t\t\t\t\t\t\t\t\t\t\t\t\t\t<a href=\"https:\/\/cervezatravel.com\/english\/tour\/chichen-deluxe\/\">\n\t\t\t\t\t\t\t\t\t\t<img decoding=\"async\" src=\"https:\/\/cervezatravel.com\/english\/wp-content\/uploads\/2021\/11\/cabeceras-tours-2-768x400.jpg\" alt=\"Tour list image\">\n\t\t\t\t\t\t\t\t\t<\/a>\n\t\t\t\t\t\t\t\t<\/div>\n\n\t\t\t\t\t\t\t\t\t\t\t\t\t\t\t\t<div class=\"wd-tour-content\" itemprop=\"text\">\n\t\t\t\t\t\t\t\t\t<h3 class=\"wdtc-title entry-title\" itemprop=\"headline\"><a href=\"https:\/\/cervezatravel.com\/english\/tour\/chichen-deluxe\/\">Chich\u00e9n Deluxe<\/a><\/h3>\n\n\t\t\t\t\t\t\t\t\t\n\t\t\t\t\t\t\t\t\t<time class=\"sr-only\" itemprop=\"datePublished\" datetime=\"2021-11-02T06:27:01+00:00\">noviembre 2, 2021<\/time>\n\t\n\t\t\t\t\t\t\t\t\t<span class=\"wdt-aver\">\n\t\t\t\t\t\t\t\t\t\t\n\t\t\t\t\t\t\t\n\t\t\t\t\t\t\t\t\t<\/span>\n\n\t\t\t\t\t\t\t\t\t\n\n\t\t\t\t\t\t\t\t\t\t\t\t\t\t\t\t\t<\/div>\n\t\t\t\t\t\t\t<\/div>\n\t\t\t\t\t\t<\/div>\n\t\t\t\t\t\t\t\t\t\t\t<div class=\"ht-grid-item \" itemscope=\"itemscope\" itemtype=\"https:\/\/schema.org\/CreativeWork\" >\n\t\t\t\t\t\t\t\n\t\t\t\t\t\t\t<div class=\"wd-tour-item\">\n\t\t\t\t\t\t\t\t\t\t\t\t\t\t\t\t<div class=\"wd-tour-head\">\n\t\t\t\t\t\t\t\t\t\t\t\t\t\t\t\t\t\t<a href=\"https:\/\/cervezatravel.com\/english\/tour\/isla-mujeres\/\">\n\t\t\t\t\t\t\t\t\t\t<img decoding=\"async\" src=\"https:\/\/cervezatravel.com\/english\/wp-content\/uploads\/2018\/05\/cancun-0-768x600.jpg\" alt=\"Tour list image\">\n\t\t\t\t\t\t\t\t\t<\/a>\n\t\t\t\t\t\t\t\t<\/div>\n\n\t\t\t\t\t\t\t\t\t\t\t\t\t\t\t\t<div class=\"wd-tour-content\" itemprop=\"text\">\n\t\t\t\t\t\t\t\t\t<h3 class=\"wdtc-title entry-title\" itemprop=\"headline\"><a href=\"https:\/\/cervezatravel.com\/english\/tour\/isla-mujeres\/\">Isla Mujeres Albatros Catamar\u00e1n<\/a><\/h3>\n\n\t\t\t\t\t\t\t\t\t\n\t\t\t\t\t\t\t\t\t<time class=\"sr-only\" itemprop=\"datePublished\" datetime=\"2021-11-02T06:31:03+00:00\">noviembre 2, 2021<\/time>\n\t\n\t\t\t\t\t\t\t\t\t<span class=\"wdt-aver\">\n\t\t\t\t\t\t\t\t\t\t\n\t\t\t\t\t\t\t\n\t\t\t\t\t\t\t\t\t<\/span>\n\n\t\t\t\t\t\t\t\t\t\n\n\t\t\t\t\t\t\t\t\t\t\t\t\t\t\t\t\t<\/div>\n\t\t\t\t\t\t\t<\/div>\n\t\t\t\t\t\t<\/div>\n\t\t\t\t\t\t\t\t\t\t\t<div class=\"ht-grid-item \" itemscope=\"itemscope\" itemtype=\"https:\/\/schema.org\/CreativeWork\" >\n\t\t\t\t\t\t\t\n\t\t\t\t\t\t\t<div class=\"wd-tour-item\">\n\t\t\t\t\t\t\t\t\t\t\t\t\t\t\t\t<div class=\"wd-tour-head\">\n\t\t\t\t\t\t\t\t\t\t\t\t\t\t\t\t\t\t<a href=\"https:\/\/cervezatravel.com\/english\/tour\/jungle-tour\/\">\n\t\t\t\t\t\t\t\t\t\t<img decoding=\"async\" src=\"https:\/\/cervezatravel.com\/english\/wp-content\/uploads\/2018\/05\/banner-cancun-768x403.jpg\" alt=\"Tour list image\">\n\t\t\t\t\t\t\t\t\t<\/a>\n\t\t\t\t\t\t\t\t<\/div>\n\n\t\t\t\t\t\t\t\t\t\t\t\t\t\t\t\t<div class=\"wd-tour-content\" itemprop=\"text\">\n\t\t\t\t\t\t\t\t\t<h3 class=\"wdtc-title entry-title\" itemprop=\"headline\"><a href=\"https:\/\/cervezatravel.com\/english\/tour\/jungle-tour\/\">Jungle Tour Adventour<\/a><\/h3>\n\n\t\t\t\t\t\t\t\t\t\n\t\t\t\t\t\t\t\t\t<time class=\"sr-only\" itemprop=\"datePublished\" datetime=\"2021-11-02T06:32:20+00:00\">noviembre 2, 2021<\/time>\n\t\n\t\t\t\t\t\t\t\t\t<span class=\"wdt-aver\">\n\t\t\t\t\t\t\t\t\t\t\n\t\t\t\t\t\t\t\n\t\t\t\t\t\t\t\t\t<\/span>\n\n\t\t\t\t\t\t\t\t\t\n\n\t\t\t\t\t\t\t\t\t\t\t\t\t\t\t\t\t<\/div>\n\t\t\t\t\t\t\t<\/div>\n\t\t\t\t\t\t<\/div>\n\t\t\t\t\t\t\t\t\t\t\t<div class=\"ht-grid-item \" itemscope=\"itemscope\" itemtype=\"https:\/\/schema.org\/CreativeWork\" >\n\t\t\t\t\t\t\t\n\t\t\t\t\t\t\t<div class=\"wd-tour-item\">\n\t\t\t\t\t\t\t\t\t\t\t\t\t\t\t\t<div class=\"wd-tour-head\">\n\t\t\t\t\t\t\t\t\t\t\t\t\t\t\t\t\t\t<a href=\"https:\/\/cervezatravel.com\/english\/tour\/atv-xtreme\/\">\n\t\t\t\t\t\t\t\t\t\t<img decoding=\"async\" src=\"https:\/\/cervezatravel.com\/english\/wp-content\/uploads\/2021\/11\/cabeceras-tours-1-768x400.jpg\" alt=\"Tour list image\">\n\t\t\t\t\t\t\t\t\t<\/a>\n\t\t\t\t\t\t\t\t<\/div>\n\n\t\t\t\t\t\t\t\t\t\t\t\t\t\t\t\t<div class=\"wd-tour-content\" itemprop=\"text\">\n\t\t\t\t\t\t\t\t\t<h3 class=\"wdtc-title entry-title\" itemprop=\"headline\"><a href=\"https:\/\/cervezatravel.com\/english\/tour\/atv-xtreme\/\">ATV Xtreme and Zipline<\/a><\/h3>\n\n\t\t\t\t\t\t\t\t\t\n\t\t\t\t\t\t\t\t\t<time class=\"sr-only\" itemprop=\"datePublished\" datetime=\"2021-11-02T06:21:39+00:00\">noviembre 2, 2021<\/time>\n\t\n\t\t\t\t\t\t\t\t\t<span class=\"wdt-aver\">\n\t\t\t\t\t\t\t\t\t\t\n\t\t\t\t\t\t\t\n\t\t\t\t\t\t\t\t\t<\/span>\n\n\t\t\t\t\t\t\t\t\t\n\n\t\t\t\t\t\t\t\t\t\t\t\t\t\t\t\t\t<\/div>\n\t\t\t\t\t\t\t<\/div>\n\t\t\t\t\t\t<\/div>\n\t\t\t\t\t\t\t\t\t<\/div>\n\t\t\t<\/div>\n\t\t<\/div>\n\t\t\t\t\t<\/div>\n\t\t\t\t<\/div>\n\t\t\t\t\t<\/div>\n\t\t<\/div>\n\t\t\t\t\t<\/div>\n\t\t<\/section>\n\t\t\t\t<\/div>\n\t\t","protected":false},"excerpt":{"rendered":"<p>Jungle Tour Adventour Tours, Tours Canc\u00fan mayo 18, 2018 0 review(s) 2 hrs. days Isla Mujeres Albatros Catamar\u00e1n Tours, Tours Canc\u00fan mayo 18, 2018 0 review(s) 1 day Chich\u00e9n Deluxe Tours, Tours Canc\u00fan mayo 18, 2018 0 review(s) 1 day ATV Xtreme y Tirolesas Tours, Tours Canc\u00fan mayo 18, 2018 0 review(s) 1 day<\/p>\n","protected":false},"author":1,"featured_media":4380,"parent":0,"menu_order":0,"comment_status":"closed","ping_status":"closed","template":"","meta":{"_joinchat":[],"footnotes":""},"class_list":["post-1850","page","type-page","status-publish","has-post-thumbnail","hentry"],"_links":{"self":[{"href":"https:\/\/cervezatravel.com\/english\/wp-json\/wp\/v2\/pages\/1850","targetHints":{"allow":["GET"]}}],"collection":[{"href":"https:\/\/cervezatravel.com\/english\/wp-json\/wp\/v2\/pages"}],"about":[{"href":"https:\/\/cervezatravel.com\/english\/wp-json\/wp\/v2\/types\/page"}],"author":[{"embeddable":true,"href":"https:\/\/cervezatravel.com\/english\/wp-json\/wp\/v2\/users\/1"}],"replies":[{"embeddable":true,"href":"https:\/\/cervezatravel.com\/english\/wp-json\/wp\/v2\/comments?post=1850"}],"version-history":[{"count":17,"href":"https:\/\/cervezatravel.com\/english\/wp-json\/wp\/v2\/pages\/1850\/revisions"}],"predecessor-version":[{"id":3545,"href":"https:\/\/cervezatravel.com\/english\/wp-json\/wp\/v2\/pages\/1850\/revisions\/3545"}],"wp:featuredmedia":[{"embeddable":true,"href":"https:\/\/cervezatravel.com\/english\/wp-json\/wp\/v2\/media\/4380"}],"wp:attachment":[{"href":"https:\/\/cervezatravel.com\/english\/wp-json\/wp\/v2\/media?parent=1850"}],"curies":[{"name":"wp","href":"https:\/\/api.w.org\/{rel}","templated":true}]}}