{"id":1842,"date":"2021-08-20T10:06:51","date_gmt":"2021-08-20T10:06:51","guid":{"rendered":"https:\/\/cervezatravel.com\/english\/?page_id=1842"},"modified":"2022-02-01T23:04:25","modified_gmt":"2022-02-01T23:04:25","slug":"hotels-cancun","status":"publish","type":"page","link":"https:\/\/cervezatravel.com\/english\/hotels-cancun\/","title":{"rendered":"Hotels Cancun"},"content":{"rendered":"\t\t<div data-elementor-type=\"wp-page\" data-elementor-id=\"1842\" class=\"elementor elementor-1842\">\n\t\t\t\t\t\t<section class=\"elementor-section elementor-top-section elementor-element elementor-element-8b02274 elementor-section-boxed elementor-section-height-default elementor-section-height-default\" data-id=\"8b02274\" data-element_type=\"section\">\n\t\t\t\t\t\t<div class=\"elementor-container elementor-column-gap-default\">\n\t\t\t\t\t<div class=\"elementor-column elementor-col-100 elementor-top-column elementor-element elementor-element-8494e4d\" data-id=\"8494e4d\" data-element_type=\"column\">\n\t\t\t<div class=\"elementor-widget-wrap elementor-element-populated\">\n\t\t\t\t\t\t<div class=\"elementor-element elementor-element-ea737cd elementor-widget elementor-widget-tour-post\" data-id=\"ea737cd\" data-element_type=\"widget\" data-widget_type=\"tour-post.default\">\n\t\t\t\t<div class=\"elementor-widget-container\">\n\t\t\t\t\t\t\t<div class=\"wd-tours\">\n\t\t\t<div class=\"wd-tours-layout-grid ht-grid ht-grid-2 ht-grid-tablet- ht-grid-mobile-\">\n\t\t\t\t<div class=\"wd-tours-content \" id=\"wd-tour-id-69ece66cbbe50\" >\n\t\t\t\t\t\t\t\t\t\t\t<div class=\"ht-grid-item \" itemscope=\"itemscope\" itemtype=\"https:\/\/schema.org\/CreativeWork\" >\n\t\t\t\t\t\t\t\n\t\t\t\t\t\t\t<div class=\"wd-tour-item\">\n\t\t\t\t\t\t\t\t\t\t\t\t\t\t\t\t<div class=\"wd-tour-head\">\n\t\t\t\t\t\t\t\t\t\t\t\t\t\t\t\t\t\t<a href=\"https:\/\/cervezatravel.com\/english\/tour\/secrets-playa-mujeres\/\">\n\t\t\t\t\t\t\t\t\t\t<img decoding=\"async\" src=\"https:\/\/cervezatravel.com\/english\/wp-content\/uploads\/2021\/11\/cebecera-hotel-2023-cancun-secrets-playa-mujeres-768x400.jpg\" alt=\"Tour list image\">\n\t\t\t\t\t\t\t\t\t<\/a>\n\t\t\t\t\t\t\t\t<\/div>\n\n\t\t\t\t\t\t\t\t\t\t\t\t\t\t\t\t<div class=\"wd-tour-content\" itemprop=\"text\">\n\t\t\t\t\t\t\t\t\t<h3 class=\"wdtc-title entry-title\" itemprop=\"headline\"><a href=\"https:\/\/cervezatravel.com\/english\/tour\/secrets-playa-mujeres\/\">SECRETS PLAYA MUJERES<\/a><\/h3>\n\n\t\t\t\t\t\t\t\t\t\n\t\t\t\t\t\t\t\t\t<time class=\"sr-only\" itemprop=\"datePublished\" datetime=\"2021-11-02T05:16:57+00:00\">noviembre 2, 2021<\/time>\n\t\n\t\t\t\t\t\t\t\t\t<span class=\"wdt-aver\">\n\t\t\t\t\t\t\t\t\t\t\n\t\t\t\t\t\t\t\n\t\t\t\t\t\t\t\t\t<\/span>\n\n\t\t\t\t\t\t\t\t\t\n\n\t\t\t\t\t\t\t\t\t\t\t\t\t\t\t\t\t<\/div>\n\t\t\t\t\t\t\t<\/div>\n\t\t\t\t\t\t<\/div>\n\t\t\t\t\t\t\t\t\t\t\t<div class=\"ht-grid-item \" itemscope=\"itemscope\" itemtype=\"https:\/\/schema.org\/CreativeWork\" >\n\t\t\t\t\t\t\t\n\t\t\t\t\t\t\t<div class=\"wd-tour-item\">\n\t\t\t\t\t\t\t\t\t\t\t\t\t\t\t\t<div class=\"wd-tour-head\">\n\t\t\t\t\t\t\t\t\t\t\t\t\t\t\t\t\t\t<a href=\"https:\/\/cervezatravel.com\/english\/tour\/riu-yucatan\/\">\n\t\t\t\t\t\t\t\t\t\t<img decoding=\"async\" src=\"https:\/\/cervezatravel.com\/english\/wp-content\/uploads\/2021\/11\/cebecera-hotel-2023-cancun-RIU-YUCATAN-768x400.jpg\" alt=\"Tour list image\">\n\t\t\t\t\t\t\t\t\t<\/a>\n\t\t\t\t\t\t\t\t<\/div>\n\n\t\t\t\t\t\t\t\t\t\t\t\t\t\t\t\t<div class=\"wd-tour-content\" itemprop=\"text\">\n\t\t\t\t\t\t\t\t\t<h3 class=\"wdtc-title entry-title\" itemprop=\"headline\"><a href=\"https:\/\/cervezatravel.com\/english\/tour\/riu-yucatan\/\">RIU YUCAT\u00c1N<\/a><\/h3>\n\n\t\t\t\t\t\t\t\t\t\n\t\t\t\t\t\t\t\t\t<time class=\"sr-only\" itemprop=\"datePublished\" datetime=\"2021-11-03T04:15:08+00:00\">noviembre 3, 2021<\/time>\n\t\n\t\t\t\t\t\t\t\t\t<span class=\"wdt-aver\">\n\t\t\t\t\t\t\t\t\t\t\n\t\t\t\t\t\t\t\n\t\t\t\t\t\t\t\t\t<\/span>\n\n\t\t\t\t\t\t\t\t\t\n\n\t\t\t\t\t\t\t\t\t\t\t\t\t\t\t\t\t<\/div>\n\t\t\t\t\t\t\t<\/div>\n\t\t\t\t\t\t<\/div>\n\t\t\t\t\t\t\t\t\t\t\t<div class=\"ht-grid-item \" itemscope=\"itemscope\" itemtype=\"https:\/\/schema.org\/CreativeWork\" >\n\t\t\t\t\t\t\t\n\t\t\t\t\t\t\t<div class=\"wd-tour-item\">\n\t\t\t\t\t\t\t\t\t\t\t\t\t\t\t\t<div class=\"wd-tour-head\">\n\t\t\t\t\t\t\t\t\t\t\t\t\t\t\t\t\t\t<a href=\"https:\/\/cervezatravel.com\/english\/tour\/paradisus-playa-del-carmen\/\">\n\t\t\t\t\t\t\t\t\t\t<img decoding=\"async\" src=\"https:\/\/cervezatravel.com\/english\/wp-content\/uploads\/2021\/11\/cebecera-hotel-2023-cancun-PARADISUS-playa-del-carmen-768x400.jpg\" alt=\"Tour list image\">\n\t\t\t\t\t\t\t\t\t<\/a>\n\t\t\t\t\t\t\t\t<\/div>\n\n\t\t\t\t\t\t\t\t\t\t\t\t\t\t\t\t<div class=\"wd-tour-content\" itemprop=\"text\">\n\t\t\t\t\t\t\t\t\t<h3 class=\"wdtc-title entry-title\" itemprop=\"headline\"><a href=\"https:\/\/cervezatravel.com\/english\/tour\/paradisus-playa-del-carmen\/\">PARADISUS PLAYA DEL CARMEN<\/a><\/h3>\n\n\t\t\t\t\t\t\t\t\t\n\t\t\t\t\t\t\t\t\t<time class=\"sr-only\" itemprop=\"datePublished\" datetime=\"2021-11-09T19:59:47+00:00\">noviembre 9, 2021<\/time>\n\t\n\t\t\t\t\t\t\t\t\t<span class=\"wdt-aver\">\n\t\t\t\t\t\t\t\t\t\t\n\t\t\t\t\t\t\t\n\t\t\t\t\t\t\t\t\t<\/span>\n\n\t\t\t\t\t\t\t\t\t\n\n\t\t\t\t\t\t\t\t\t\t\t\t\t\t\t\t\t<\/div>\n\t\t\t\t\t\t\t<\/div>\n\t\t\t\t\t\t<\/div>\n\t\t\t\t\t\t\t\t\t\t\t<div class=\"ht-grid-item \" itemscope=\"itemscope\" itemtype=\"https:\/\/schema.org\/CreativeWork\" >\n\t\t\t\t\t\t\t\n\t\t\t\t\t\t\t<div class=\"wd-tour-item\">\n\t\t\t\t\t\t\t\t\t\t\t\t\t\t\t\t<div class=\"wd-tour-head\">\n\t\t\t\t\t\t\t\t\t\t\t\t\t\t\t\t\t\t<a href=\"https:\/\/cervezatravel.com\/english\/tour\/temptation-cancun-resort\/\">\n\t\t\t\t\t\t\t\t\t\t<img decoding=\"async\" src=\"https:\/\/cervezatravel.com\/english\/wp-content\/uploads\/2021\/11\/cebecera-hotel-2023-cancun-temptation-cancun-resort-768x400.jpg\" alt=\"Tour list image\">\n\t\t\t\t\t\t\t\t\t<\/a>\n\t\t\t\t\t\t\t\t<\/div>\n\n\t\t\t\t\t\t\t\t\t\t\t\t\t\t\t\t<div class=\"wd-tour-content\" itemprop=\"text\">\n\t\t\t\t\t\t\t\t\t<h3 class=\"wdtc-title entry-title\" itemprop=\"headline\"><a href=\"https:\/\/cervezatravel.com\/english\/tour\/temptation-cancun-resort\/\">TEMPTATION CANCUN RESORT<\/a><\/h3>\n\n\t\t\t\t\t\t\t\t\t\n\t\t\t\t\t\t\t\t\t<time class=\"sr-only\" itemprop=\"datePublished\" datetime=\"2021-11-09T20:06:12+00:00\">noviembre 9, 2021<\/time>\n\t\n\t\t\t\t\t\t\t\t\t<span class=\"wdt-aver\">\n\t\t\t\t\t\t\t\t\t\t\n\t\t\t\t\t\t\t\n\t\t\t\t\t\t\t\t\t<\/span>\n\n\t\t\t\t\t\t\t\t\t\n\n\t\t\t\t\t\t\t\t\t\t\t\t\t\t\t\t\t<\/div>\n\t\t\t\t\t\t\t<\/div>\n\t\t\t\t\t\t<\/div>\n\t\t\t\t\t\t\t\t\t<\/div>\n\t\t\t<\/div>\n\t\t<\/div>\n\t\t\t\t\t<\/div>\n\t\t\t\t<\/div>\n\t\t\t\t\t<\/div>\n\t\t<\/div>\n\t\t\t\t\t<\/div>\n\t\t<\/section>\n\t\t\t\t<\/div>\n\t\t","protected":false},"excerpt":{"rendered":"<p>TEMPTATION CANCUN RESORT Hotel Canc\u00fan, Hoteles mayo 18, 2018 0 review(s) 6 days PARADISUS PLAYA DEL CARMEN Hotel Canc\u00fan, Hoteles mayo 18, 2018 0 review(s) 6 days RIU YUCAT\u00c1N Hotel Canc\u00fan, Hoteles mayo 18, 2018 0 review(s) 6 days SECRETS PLAYA MUJERES Hotel Canc\u00fan, Hoteles mayo 18, 2018 0 review(s) 6 days<\/p>\n","protected":false},"author":1,"featured_media":3744,"parent":0,"menu_order":0,"comment_status":"closed","ping_status":"closed","template":"","meta":{"_joinchat":[],"footnotes":""},"class_list":["post-1842","page","type-page","status-publish","has-post-thumbnail","hentry"],"_links":{"self":[{"href":"https:\/\/cervezatravel.com\/english\/wp-json\/wp\/v2\/pages\/1842","targetHints":{"allow":["GET"]}}],"collection":[{"href":"https:\/\/cervezatravel.com\/english\/wp-json\/wp\/v2\/pages"}],"about":[{"href":"https:\/\/cervezatravel.com\/english\/wp-json\/wp\/v2\/types\/page"}],"author":[{"embeddable":true,"href":"https:\/\/cervezatravel.com\/english\/wp-json\/wp\/v2\/users\/1"}],"replies":[{"embeddable":true,"href":"https:\/\/cervezatravel.com\/english\/wp-json\/wp\/v2\/comments?post=1842"}],"version-history":[{"count":19,"href":"https:\/\/cervezatravel.com\/english\/wp-json\/wp\/v2\/pages\/1842\/revisions"}],"predecessor-version":[{"id":4062,"href":"https:\/\/cervezatravel.com\/english\/wp-json\/wp\/v2\/pages\/1842\/revisions\/4062"}],"wp:featuredmedia":[{"embeddable":true,"href":"https:\/\/cervezatravel.com\/english\/wp-json\/wp\/v2\/media\/3744"}],"wp:attachment":[{"href":"https:\/\/cervezatravel.com\/english\/wp-json\/wp\/v2\/media?parent=1842"}],"curies":[{"name":"wp","href":"https:\/\/api.w.org\/{rel}","templated":true}]}}